{"id":13331,"date":"2022-10-21T20:27:54","date_gmt":"2022-10-21T17:27:54","guid":{"rendered":"https:\/\/olimpa.com.tr\/urunler\/olp-5050olimpa-hydraulic-type-breaker-large-size\/"},"modified":"2023-06-11T03:55:37","modified_gmt":"2023-06-11T00:55:37","slug":"olp-5050olimpa-hydraulic-type-breaker-large-size","status":"publish","type":"product","link":"https:\/\/olimpa.com.tr\/en\/urunler\/olp-5050olimpa-hydraulic-type-breaker-large-size\/","title":{"rendered":"OLP-5050<\/p>Olimpa Hydraulic Type Breaker &#8211; Large Size"},"content":{"rendered":"\t\t<div data-elementor-type=\"wp-post\" data-elementor-id=\"13331\" class=\"elementor elementor-13331 elementor-11701\">\n\t\t\t\t\t\t<section class=\"elementor-section elementor-top-section elementor-element elementor-element-515d6470 elementor-section-full_width elementor-section-stretched elementor-section-height-default elementor-section-height-default\" data-id=\"515d6470\" data-element_type=\"section\" data-e-type=\"section\" data-settings=\"{&quot;stretch_section&quot;:&quot;section-stretched&quot;}\">\n\t\t\t\t\t\t<div class=\"elementor-container elementor-column-gap-default\">\n\t\t\t\t\t<div class=\"elementor-column elementor-col-16 elementor-top-column elementor-element elementor-element-5986b6c4\" data-id=\"5986b6c4\" data-element_type=\"column\" data-e-type=\"column\">\n\t\t\t<div class=\"elementor-widget-wrap\">\n\t\t\t\t\t\t\t<\/div>\n\t\t<\/div>\n\t\t\t\t<div class=\"elementor-column elementor-col-66 elementor-top-column elementor-element elementor-element-d47a80e\" data-id=\"d47a80e\" data-element_type=\"column\" data-e-type=\"column\">\n\t\t\t<div class=\"elementor-widget-wrap elementor-element-populated\">\n\t\t\t\t\t\t<div class=\"elementor-element elementor-element-f48a1e3 elementor-widget elementor-widget-industrium_special_text\" data-id=\"f48a1e3\" data-element_type=\"widget\" data-e-type=\"widget\" data-widget_type=\"industrium_special_text.default\">\n\t\t\t\t<div class=\"elementor-widget-container\">\n\t\t\t\t\t<div class=\"special-text-wrapper\"><span class=\"special-text special-text-effect-fill\">OLP-5050<span class=\"special-text special-text-effect-stroke\">OLP-5050<\/span><\/span><\/div>\t\t\t\t<\/div>\n\t\t\t\t<\/div>\n\t\t\t\t<div class=\"elementor-element elementor-element-453f6017 elementor-widget elementor-widget-text-editor\" data-id=\"453f6017\" data-element_type=\"widget\" data-e-type=\"widget\" data-widget_type=\"text-editor.default\">\n\t\t\t\t<div class=\"elementor-widget-container\">\n\t\t\t\t\t\t\t\t\t<table width=\"295\"><tbody><tr><td colspan=\"2\" width=\"215\"><strong>TECHNICAL INFORMATION<\/strong><\/td><td width=\"80\"><strong>OLP 5050<\/strong><\/td><\/tr><tr><td rowspan=\"2\"><strong>WORKING WEIGHT<\/strong><\/td><td><strong>kg<\/strong><\/td><td><strong>5.100<\/strong><\/td><\/tr><tr><td><strong>lb<\/strong><\/td><td><strong>11.220<\/strong><\/td><\/tr><tr><td rowspan=\"2\"><strong>CARRIER WEIGHT<\/strong><\/td><td><strong>ton<\/strong><\/td><td><strong>45~55<\/strong><\/td><\/tr><tr><td><strong>1000 lb<\/strong><\/td><td><strong>99~121<\/strong><\/td><\/tr><tr><td rowspan=\"2\"><strong>IMPACT ENERGY<\/strong><\/td><td><strong>joule<\/strong><\/td><td><strong>9.800<\/strong><\/td><\/tr><tr><td><strong>ft.lb<\/strong><\/td><td><strong>7.230<\/strong><\/td><\/tr><tr><td><strong>IMPACT FREQUENCY<\/strong><\/td><td><strong>BPM<\/strong><\/td><td><strong>300~420<\/strong><\/td><\/tr><tr><td rowspan=\"2\"><strong>MIN. &amp; MAX. OIL SUPPLY<\/strong><\/td><td><strong>LPM<\/strong><\/td><td><strong>220~300<\/strong><\/td><\/tr><tr><td><strong>GPM<\/strong><\/td><td><strong>58.1~79.2<\/strong><\/td><\/tr><tr><td rowspan=\"2\"><strong>OPERATING PRESSURE<\/strong><\/td><td><strong>bar<\/strong><\/td><td><strong>140<\/strong><\/td><\/tr><tr><td><strong>psi<\/strong><\/td><td><strong>2.035<\/strong><\/td><\/tr><tr><td rowspan=\"2\"><strong>RELIEF PRESSURE<\/strong><\/td><td><strong>bar<\/strong><\/td><td><strong>200~210<\/strong><\/td><\/tr><tr><td><strong>psi<\/strong><\/td><td><strong>2.900~3.045<\/strong><\/td><\/tr><tr><td rowspan=\"2\"><strong>BACK PRESSURE (max)<\/strong><\/td><td><strong>bar<\/strong><\/td><td><strong>10<\/strong><\/td><\/tr><tr><td><strong>psi<\/strong><\/td><td><strong>145<\/strong><\/td><\/tr><tr><td rowspan=\"2\"><strong>TOOL DIAMETER<\/strong><\/td><td><strong>mm\u00d8<\/strong><\/td><td><strong>190<\/strong><\/td><\/tr><tr><td><strong>in\u00d8<\/strong><\/td><td><strong>7,48<\/strong><\/td><\/tr><\/tbody><\/table><p>\u00a0<\/p>\t\t\t\t\t\t\t\t<\/div>\n\t\t\t\t<\/div>\n\t\t\t\t\t<\/div>\n\t\t<\/div>\n\t\t\t\t<div class=\"elementor-column elementor-col-16 elementor-top-column elementor-element elementor-element-2ff9fd5\" data-id=\"2ff9fd5\" data-element_type=\"column\" data-e-type=\"column\">\n\t\t\t<div class=\"elementor-widget-wrap\">\n\t\t\t\t\t\t\t<\/div>\n\t\t<\/div>\n\t\t\t\t\t<\/div>\n\t\t<\/section>\n\t\t\t\t<section class=\"elementor-section elementor-top-section elementor-element elementor-element-333228e7 elementor-section-height-min-height elementor-section-stretched elementor-section-boxed elementor-section-height-default elementor-section-items-middle\" data-id=\"333228e7\" data-element_type=\"section\" data-e-type=\"section\" data-settings=\"{&quot;stretch_section&quot;:&quot;section-stretched&quot;}\">\n\t\t\t\t\t\t<div class=\"elementor-container elementor-column-gap-default\">\n\t\t\t\t\t<div class=\"elementor-column elementor-col-100 elementor-top-column elementor-element elementor-element-3e2d5224\" data-id=\"3e2d5224\" data-element_type=\"column\" data-e-type=\"column\">\n\t\t\t<div class=\"elementor-widget-wrap elementor-element-populated\">\n\t\t\t\t\t\t<div class=\"elementor-element elementor-element-280c874d elementor-widget elementor-widget-image\" data-id=\"280c874d\" data-element_type=\"widget\" data-e-type=\"widget\" data-widget_type=\"image.default\">\n\t\t\t\t<div class=\"elementor-widget-container\">\n\t\t\t\t\t\t\t\t\t\t\t\t\t\t\t<img decoding=\"async\" width=\"300\" height=\"65\" src=\"https:\/\/olimpa.com.tr\/wp-content\/uploads\/2023\/06\/Logo_mavi_duz-300x65.png\" class=\"attachment-medium size-medium wp-image-13990\" alt=\"\" srcset=\"https:\/\/olimpa.com.tr\/wp-content\/uploads\/2023\/06\/Logo_mavi_duz-300x65.png 300w, https:\/\/olimpa.com.tr\/wp-content\/uploads\/2023\/06\/Logo_mavi_duz.png 316w\" sizes=\"(max-width: 300px) 100vw, 300px\" \/>\t\t\t\t\t\t\t\t\t\t\t\t\t\t\t<\/div>\n\t\t\t\t<\/div>\n\t\t\t\t<div class=\"elementor-element elementor-element-eabba6d elementor-widget elementor-widget-spacer\" data-id=\"eabba6d\" data-element_type=\"widget\" data-e-type=\"widget\" data-widget_type=\"spacer.default\">\n\t\t\t\t<div class=\"elementor-widget-container\">\n\t\t\t\t\t\t\t<div class=\"elementor-spacer\">\n\t\t\t<div class=\"elementor-spacer-inner\"><\/div>\n\t\t<\/div>\n\t\t\t\t\t\t<\/div>\n\t\t\t\t<\/div>\n\t\t\t\t<div class=\"elementor-element elementor-element-3f111108 elementor-widget elementor-widget-heading\" data-id=\"3f111108\" data-element_type=\"widget\" data-e-type=\"widget\" data-widget_type=\"heading.default\">\n\t\t\t\t<div class=\"elementor-widget-container\">\n\t\t\t\t\t<h1 class=\"elementor-heading-title elementor-size-xxl\">ALL PRODUCTS<\/h1>\t\t\t\t<\/div>\n\t\t\t\t<\/div>\n\t\t\t\t<div class=\"elementor-element elementor-element-2c15768f elementor-widget elementor-widget-spacer\" data-id=\"2c15768f\" data-element_type=\"widget\" data-e-type=\"widget\" data-widget_type=\"spacer.default\">\n\t\t\t\t<div class=\"elementor-widget-container\">\n\t\t\t\t\t\t\t<div class=\"elementor-spacer\">\n\t\t\t<div class=\"elementor-spacer-inner\"><\/div>\n\t\t<\/div>\n\t\t\t\t\t\t<\/div>\n\t\t\t\t<\/div>\n\t\t\t\t<div class=\"elementor-element elementor-element-812dafe elementor-widget elementor-widget-industrium_products\" data-id=\"812dafe\" data-element_type=\"widget\" data-e-type=\"widget\" data-widget_type=\"industrium_products.default\">\n\t\t\t\t<div class=\"elementor-widget-container\">\n\t\t\t\t\t        <div class=\"woocommerce\">\n            <div class=\"industrium_shop_loop shop_mode_grid\"><div class=\"woocommerce-notices-wrapper\"><\/div><div class=\"catalog-top-info-wrapper\"><div class=\"product-filters-trigger-wrapper\"><span class=\"product-filters-trigger\">View filters<\/span><\/div><\/div><div class=\"woocommerce columns-6 industrium_shop_loop\"><ul class=\"products columns-6\">\n<li class=\"product type-product post-12511 status-publish first instock product_cat-yedek-parca has-post-thumbnail shipping-taxable product-type-simple\">\n\t<div class=\"woocommerce-loop-product__wrapper\"><div class=\"attachment-woocommerce_wrapper\"><a href=\"https:\/\/olimpa.com.tr\/urunler\/merkezleme-burcu\/\" class=\"attachment-woocommerce_link\"><img fetchpriority=\"high\" decoding=\"async\" width=\"600\" height=\"533\" src=\"https:\/\/olimpa.com.tr\/wp-content\/uploads\/2022\/10\/Merkezleme-Burcu-1-600x533.jpg\" class=\"attachment-woocommerce_thumbnail size-woocommerce_thumbnail\" alt=\"Merkezleme Burcu\" \/><\/a><div class=\"attachment-woocommerce_flash\"><\/div><div class=\"content-woocommerce-wrapper\"><h3 class=\"woocommerce-loop-product-title\"><a href=\"https:\/\/olimpa.com.tr\/urunler\/merkezleme-burcu\/\">Merkezleme Burcu<\/a><\/h3>\n\t<span class=\"price\"><span class=\"price_wrapper\"><\/span><\/span>\n<div class=\"product-buttons-wrapper\">\t<span id=\"woocommerce_loop_add_to_cart_link_describedby_12511\" class=\"screen-reader-text\">\n\t\t\t<\/span>\n<\/div><\/div><\/div><\/div><\/li>\n<li class=\"product type-product post-12428 status-publish instock product_cat-yedek-parca has-post-thumbnail shipping-taxable product-type-simple\">\n\t<div class=\"woocommerce-loop-product__wrapper\"><div class=\"attachment-woocommerce_wrapper\"><a href=\"https:\/\/olimpa.com.tr\/urunler\/kanalli-keski-uc\/\" class=\"attachment-woocommerce_link\"><img decoding=\"async\" width=\"600\" height=\"533\" src=\"https:\/\/olimpa.com.tr\/wp-content\/uploads\/2022\/10\/Kanalli-Keski-Uc-1-600x533.jpg\" class=\"attachment-woocommerce_thumbnail size-woocommerce_thumbnail\" alt=\"Kanall\u0131 Keski U\u00e7\" \/><\/a><div class=\"attachment-woocommerce_flash\"><\/div><div class=\"content-woocommerce-wrapper\"><h3 class=\"woocommerce-loop-product-title\"><a href=\"https:\/\/olimpa.com.tr\/urunler\/kanalli-keski-uc\/\">Kanall\u0131 Keski U\u00e7<\/a><\/h3>\n\t<span class=\"price\"><span class=\"price_wrapper\"><\/span><\/span>\n<div class=\"product-buttons-wrapper\">\t<span id=\"woocommerce_loop_add_to_cart_link_describedby_12428\" class=\"screen-reader-text\">\n\t\t\t<\/span>\n<\/div><\/div><\/div><\/div><\/li>\n<li class=\"product type-product post-11761 status-publish instock product_cat-4800-7500-kg product_cat-8000-11000-kg product_cat-backhoe-loader product_cat-ekskavator-tipi product_cat-hidrolik-tip-kiricilar product_cat-kucuk-boy-hidrolik-tip-kiricilar product_cat-min-max-kg product_cat-mini-ekskavator product_cat-skid-steer-loader has-post-thumbnail shipping-taxable product-type-simple\">\n\t<div class=\"woocommerce-loop-product__wrapper\"><div class=\"attachment-woocommerce_wrapper\"><a href=\"https:\/\/olimpa.com.tr\/urunler\/olp-450-olimpa-hidrolik-tip-kirici-kucuk-boy\/\" class=\"attachment-woocommerce_link\"><img loading=\"lazy\" decoding=\"async\" width=\"600\" height=\"533\" src=\"https:\/\/olimpa.com.tr\/wp-content\/uploads\/2022\/10\/Kucuk-Boy-Hidrolik-Kirici-600x533.png\" class=\"attachment-woocommerce_thumbnail size-woocommerce_thumbnail\" alt=\"OLP-450&lt;\/p&gt;Olimpa Hidrolik Tip K\u0131r\u0131c\u0131 - K\u00fc\u00e7\u00fck Boy\" \/><\/a><div class=\"attachment-woocommerce_flash\"><\/div><div class=\"content-woocommerce-wrapper\"><h3 class=\"woocommerce-loop-product-title\"><a href=\"https:\/\/olimpa.com.tr\/urunler\/olp-450-olimpa-hidrolik-tip-kirici-kucuk-boy\/\">OLP-450<\/p>Olimpa Hidrolik Tip K\u0131r\u0131c\u0131 &#8211; K\u00fc\u00e7\u00fck Boy<\/a><\/h3>\n\t<span class=\"price\"><span class=\"price_wrapper\"><\/span><\/span>\n<div class=\"product-buttons-wrapper\">\t<span id=\"woocommerce_loop_add_to_cart_link_describedby_11761\" class=\"screen-reader-text\">\n\t\t\t<\/span>\n<\/div><\/div><\/div><\/div><\/li>\n<li class=\"product type-product post-12411 status-publish instock product_cat-yedek-parca has-post-thumbnail shipping-taxable product-type-simple\">\n\t<div class=\"woocommerce-loop-product__wrapper\"><div class=\"attachment-woocommerce_wrapper\"><a href=\"https:\/\/olimpa.com.tr\/urunler\/kafa-burcu\/\" class=\"attachment-woocommerce_link\"><img loading=\"lazy\" decoding=\"async\" width=\"600\" height=\"533\" src=\"https:\/\/olimpa.com.tr\/wp-content\/uploads\/2022\/10\/Kafa-Burcu-600x533.jpg\" class=\"attachment-woocommerce_thumbnail size-woocommerce_thumbnail\" alt=\"Kafa Burcu\" \/><\/a><div class=\"attachment-woocommerce_flash\"><\/div><div class=\"content-woocommerce-wrapper\"><h3 class=\"woocommerce-loop-product-title\"><a href=\"https:\/\/olimpa.com.tr\/urunler\/kafa-burcu\/\">Kafa Burcu<\/a><\/h3>\n\t<span class=\"price\"><span class=\"price_wrapper\"><\/span><\/span>\n<div class=\"product-buttons-wrapper\">\t<span id=\"woocommerce_loop_add_to_cart_link_describedby_12411\" class=\"screen-reader-text\">\n\t\t\t<\/span>\n<\/div><\/div><\/div><\/div><\/li>\n<li class=\"product type-product post-11756 status-publish instock product_cat-10000-15000-kg product_cat-8000-14000-kg product_cat-ekskavator-tipi product_cat-hidrolik-tip-kiricilar product_cat-lastik-tekerlekli-ekskavator product_cat-min-max-kg product_cat-orta-boy-hidrolik-tip-kiricilar product_cat-paletli-ekskavator-ekskavator-tipi has-post-thumbnail shipping-taxable product-type-simple\">\n\t<div class=\"woocommerce-loop-product__wrapper\"><div class=\"attachment-woocommerce_wrapper\"><a href=\"https:\/\/olimpa.com.tr\/urunler\/olp-650-olimpa-hidrolik-tip-kirici-orta-boy\/\" class=\"attachment-woocommerce_link\"><img loading=\"lazy\" decoding=\"async\" width=\"600\" height=\"533\" src=\"https:\/\/olimpa.com.tr\/wp-content\/uploads\/2022\/10\/650-600-600x533.png\" class=\"attachment-woocommerce_thumbnail size-woocommerce_thumbnail\" alt=\"OLP-650&lt;\/p&gt;Olimpa Hidrolik Tip K\u0131r\u0131c\u0131 - Orta Boy\" \/><\/a><div class=\"attachment-woocommerce_flash\"><\/div><div class=\"content-woocommerce-wrapper\"><h3 class=\"woocommerce-loop-product-title\"><a href=\"https:\/\/olimpa.com.tr\/urunler\/olp-650-olimpa-hidrolik-tip-kirici-orta-boy\/\">OLP-650<\/p>Olimpa Hidrolik Tip K\u0131r\u0131c\u0131 &#8211; Orta Boy<\/a><\/h3>\n\t<span class=\"price\"><span class=\"price_wrapper\"><\/span><\/span>\n<div class=\"product-buttons-wrapper\">\t<span id=\"woocommerce_loop_add_to_cart_link_describedby_11756\" class=\"screen-reader-text\">\n\t\t\t<\/span>\n<\/div><\/div><\/div><\/div><\/li>\n<li class=\"product type-product post-12488 status-publish last instock product_cat-yedek-parca has-post-thumbnail shipping-taxable product-type-simple\">\n\t<div class=\"woocommerce-loop-product__wrapper\"><div class=\"attachment-woocommerce_wrapper\"><a href=\"https:\/\/olimpa.com.tr\/urunler\/kece-yatagi\/\" class=\"attachment-woocommerce_link\"><img loading=\"lazy\" decoding=\"async\" width=\"600\" height=\"533\" src=\"https:\/\/olimpa.com.tr\/wp-content\/uploads\/2022\/10\/Kece-Yatagi-1-600x533.jpg\" class=\"attachment-woocommerce_thumbnail size-woocommerce_thumbnail\" alt=\"Ke\u00e7e Yata\u011f\u0131\" \/><\/a><div class=\"attachment-woocommerce_flash\"><\/div><div class=\"content-woocommerce-wrapper\"><h3 class=\"woocommerce-loop-product-title\"><a href=\"https:\/\/olimpa.com.tr\/urunler\/kece-yatagi\/\">Ke\u00e7e Yata\u011f\u0131<\/a><\/h3>\n\t<span class=\"price\"><span class=\"price_wrapper\"><\/span><\/span>\n<div class=\"product-buttons-wrapper\">\t<span id=\"woocommerce_loop_add_to_cart_link_describedby_12488\" class=\"screen-reader-text\">\n\t\t\t<\/span>\n<\/div><\/div><\/div><\/div><\/li>\n<\/ul>\n<\/div><\/div>        <\/div>\n        \t\t\t\t<\/div>\n\t\t\t\t<\/div>\n\t\t\t\t<div class=\"elementor-element elementor-element-40182d2e elementor-widget elementor-widget-spacer\" data-id=\"40182d2e\" data-element_type=\"widget\" data-e-type=\"widget\" data-widget_type=\"spacer.default\">\n\t\t\t\t<div class=\"elementor-widget-container\">\n\t\t\t\t\t\t\t<div class=\"elementor-spacer\">\n\t\t\t<div class=\"elementor-spacer-inner\"><\/div>\n\t\t<\/div>\n\t\t\t\t\t\t<\/div>\n\t\t\t\t<\/div>\n\t\t\t\t<div class=\"elementor-element elementor-element-c57ca0f elementor-widget elementor-widget-heading\" data-id=\"c57ca0f\" data-element_type=\"widget\" data-e-type=\"widget\" data-widget_type=\"heading.default\">\n\t\t\t\t<div class=\"elementor-widget-container\">\n\t\t\t\t\t<h4 class=\"elementor-heading-title elementor-size-default\">Get the breaker offer!<\/h4>\t\t\t\t<\/div>\n\t\t\t\t<\/div>\n\t\t\t\t<div class=\"elementor-element elementor-element-6e4cb930 elementor-widget elementor-widget-spacer\" data-id=\"6e4cb930\" data-element_type=\"widget\" data-e-type=\"widget\" data-widget_type=\"spacer.default\">\n\t\t\t\t<div class=\"elementor-widget-container\">\n\t\t\t\t\t\t\t<div class=\"elementor-spacer\">\n\t\t\t<div class=\"elementor-spacer-inner\"><\/div>\n\t\t<\/div>\n\t\t\t\t\t\t<\/div>\n\t\t\t\t<\/div>\n\t\t\t\t<div class=\"elementor-element elementor-element-3fcd2a26 elementor-widget elementor-widget-text-editor\" data-id=\"3fcd2a26\" data-element_type=\"widget\" data-e-type=\"widget\" data-widget_type=\"text-editor.default\">\n\t\t\t\t<div class=\"elementor-widget-container\">\n\t\t\t\t\t\t\t\t\t<p>Get an offer to determine the crusher model according to your needs<\/p>\n\t\t\t\t\t\t\t\t<\/div>\n\t\t\t\t<\/div>\n\t\t\t\t<div class=\"elementor-element elementor-element-541e68d4 elementor-widget elementor-widget-spacer\" data-id=\"541e68d4\" data-element_type=\"widget\" data-e-type=\"widget\" data-widget_type=\"spacer.default\">\n\t\t\t\t<div class=\"elementor-widget-container\">\n\t\t\t\t\t\t\t<div class=\"elementor-spacer\">\n\t\t\t<div class=\"elementor-spacer-inner\"><\/div>\n\t\t<\/div>\n\t\t\t\t\t\t<\/div>\n\t\t\t\t<\/div>\n\t\t\t\t<div class=\"elementor-element elementor-element-6fe9948e elementor-align-center elementor-widget elementor-widget-button\" data-id=\"6fe9948e\" data-element_type=\"widget\" data-e-type=\"widget\" data-widget_type=\"button.default\">\n\t\t\t\t<div class=\"elementor-widget-container\">\n\t\t\t\t\t\t\t\t\t<div class=\"elementor-button-wrapper\">\n\t\t\t\t\t<a class=\"elementor-button elementor-button-link elementor-size-sm elementor-animation-grow\" href=\"https:\/\/olimpa.com.tr\/iletisim\/\">\n\t\t\t\t\t\t<span class=\"elementor-button-content-wrapper\">\n\t\t\t\t\t\t\t\t\t<span class=\"elementor-button-text\">CONTACT US!<\/span>\n\t\t\t\t\t<\/span>\n\t\t\t\t\t<\/a>\n\t\t\t\t<\/div>\n\t\t\t\t\t\t\t\t<\/div>\n\t\t\t\t<\/div>\n\t\t\t\t\t<\/div>\n\t\t<\/div>\n\t\t\t\t\t<\/div>\n\t\t<\/section>\n\t\t\t\t<\/div>\n\t\t","protected":false},"excerpt":{"rendered":"<h2>Product Information<\/h2>\n<p><strong style=\"color: #000000;\">Type<\/strong><span style=\"color: #333333;\">: Hydraulic<br \/>\n<\/span><strong style=\"color: #000000;\">Chassis Options<br \/>\n<\/strong>-Closed Chassis<br \/>\n<strong style=\"color: #000000; font-size: 16px;\"><br \/>\n  <span style=\"font-size: 24px;\">Details<br \/>\n<\/span><br \/>\n<\/strong><strong style=\"color: #000000;\">Operating Weight<br \/>\n<\/strong>-Closed Chassis 5,100 kg<br \/>\n<span style=\"color: #000000;\"><br \/>\n  <strong>Carrier Weight<\/strong><br \/>\n<\/span>: 45~55 Tons<br \/>\n<strong style=\"color: #000000;\">End Diameter : <\/strong> 190 mm<br \/>\n<strong style=\"color: #000000;\">Impact Energy <\/strong>: 9,800 joules<br \/>\n<strong style=\"color: #000000;\">Pulse Count : <\/strong> 300~420 pulses\/minute<\/p>\n","protected":false},"featured_media":15064,"template":"","meta":[],"product_brand":[],"product_cat":[1405,1372,1364,1366,1361],"product_tag":[],"class_list":{"0":"post-13331","1":"product","2":"type-product","3":"status-publish","4":"has-post-thumbnail","6":"product_cat-45000-55000-kg-en","7":"product_cat-crawler-excavator","8":"product_cat-hydraulic-type-breakers","9":"product_cat-large-size-hydraulic-type-breakers","10":"product_cat-min-max-kg-en","12":"first","13":"instock","14":"shipping-taxable","15":"product-type-simple"},"_links":{"self":[{"href":"https:\/\/olimpa.com.tr\/en\/wp-json\/wp\/v2\/product\/13331","targetHints":{"allow":["GET"]}}],"collection":[{"href":"https:\/\/olimpa.com.tr\/en\/wp-json\/wp\/v2\/product"}],"about":[{"href":"https:\/\/olimpa.com.tr\/en\/wp-json\/wp\/v2\/types\/product"}],"version-history":[{"count":0,"href":"https:\/\/olimpa.com.tr\/en\/wp-json\/wp\/v2\/product\/13331\/revisions"}],"wp:featuredmedia":[{"embeddable":true,"href":"https:\/\/olimpa.com.tr\/en\/wp-json\/wp\/v2\/media\/15064"}],"wp:attachment":[{"href":"https:\/\/olimpa.com.tr\/en\/wp-json\/wp\/v2\/media?parent=13331"}],"wp:term":[{"taxonomy":"product_brand","embeddable":true,"href":"https:\/\/olimpa.com.tr\/en\/wp-json\/wp\/v2\/product_brand?post=13331"},{"taxonomy":"product_cat","embeddable":true,"href":"https:\/\/olimpa.com.tr\/en\/wp-json\/wp\/v2\/product_cat?post=13331"},{"taxonomy":"product_tag","embeddable":true,"href":"https:\/\/olimpa.com.tr\/en\/wp-json\/wp\/v2\/product_tag?post=13331"}],"curies":[{"name":"wp","href":"https:\/\/api.w.org\/{rel}","templated":true}]}}