{"id":13445,"date":"2022-10-21T20:36:00","date_gmt":"2022-10-21T17:36:00","guid":{"rendered":"https:\/\/olimpa.com.tr\/urunler\/olp-2850-olimpa-%d0%b3%d0%b8%d0%b4%d1%80%d0%be%d1%80%d0%b0%d0%b7%d1%80%d1%8b%d0%b2%d0%bd%d0%be%d0%b9-%d0%bc%d0%be%d0%bb%d0%be%d1%82%d0%be%d0%ba-%d0%b3%d0%b8%d0%b4%d1%80%d0%b0%d0%b2%d0%bb%d0%b8%d1%87\/"},"modified":"2023-06-11T03:52:43","modified_gmt":"2023-06-11T00:52:43","slug":"olp-2850-olimpa-%d0%b3%d0%b8%d0%b4%d1%80%d0%be%d1%80%d0%b0%d0%b7%d1%80%d1%8b%d0%b2%d0%bd%d0%be%d0%b9-%d0%bc%d0%be%d0%bb%d0%be%d1%82%d0%be%d0%ba-%d0%b3%d0%b8%d0%b4%d1%80%d0%b0%d0%b2%d0%bb%d0%b8%d1%87","status":"publish","type":"product","link":"https:\/\/olimpa.com.tr\/ru\/urunler\/olp-2850-olimpa-%d0%b3%d0%b8%d0%b4%d1%80%d0%be%d1%80%d0%b0%d0%b7%d1%80%d1%8b%d0%b2%d0%bd%d0%be%d0%b9-%d0%bc%d0%be%d0%bb%d0%be%d1%82%d0%be%d0%ba-%d0%b3%d0%b8%d0%b4%d1%80%d0%b0%d0%b2%d0%bb%d0%b8%d1%87\/","title":{"rendered":"<\/p>OLP-2850 Olimpa \u0413\u0438\u0434\u0440\u043e\u0440\u0430\u0437\u0440\u044b\u0432\u043d\u043e\u0439 \u043c\u043e\u043b\u043e\u0442\u043e\u043a \u0433\u0438\u0434\u0440\u0430\u0432\u043b\u0438\u0447\u0435\u0441\u043a\u043e\u0433\u043e \u0442\u0438\u043f\u0430 &#8212; \u0431\u043e\u043b\u044c\u0448\u043e\u0439 \u0440\u0430\u0437\u043c\u0435\u0440"},"content":{"rendered":"\t\t<div data-elementor-type=\"wp-post\" data-elementor-id=\"13445\" class=\"elementor elementor-13445 elementor-11714\">\n\t\t\t\t\t\t<section class=\"elementor-section elementor-top-section elementor-element elementor-element-515d6470 elementor-section-full_width elementor-section-stretched elementor-section-height-default elementor-section-height-default\" data-id=\"515d6470\" data-element_type=\"section\" data-e-type=\"section\" data-settings=\"{&quot;stretch_section&quot;:&quot;section-stretched&quot;}\">\n\t\t\t\t\t\t<div class=\"elementor-container elementor-column-gap-default\">\n\t\t\t\t\t<div class=\"elementor-column elementor-col-16 elementor-top-column elementor-element elementor-element-5986b6c4\" data-id=\"5986b6c4\" data-element_type=\"column\" data-e-type=\"column\">\n\t\t\t<div class=\"elementor-widget-wrap\">\n\t\t\t\t\t\t\t<\/div>\n\t\t<\/div>\n\t\t\t\t<div class=\"elementor-column elementor-col-66 elementor-top-column elementor-element elementor-element-d47a80e\" data-id=\"d47a80e\" data-element_type=\"column\" data-e-type=\"column\">\n\t\t\t<div class=\"elementor-widget-wrap elementor-element-populated\">\n\t\t\t\t\t\t<div class=\"elementor-element elementor-element-f48a1e3 elementor-widget elementor-widget-industrium_special_text\" data-id=\"f48a1e3\" data-element_type=\"widget\" data-e-type=\"widget\" data-widget_type=\"industrium_special_text.default\">\n\t\t\t\t<div class=\"elementor-widget-container\">\n\t\t\t\t\t<div class=\"special-text-wrapper\"><span class=\"special-text special-text-effect-fill\">OLP-2850<span class=\"special-text special-text-effect-stroke\">OLP-2850<\/span><\/span><\/div>\t\t\t\t<\/div>\n\t\t\t\t<\/div>\n\t\t\t\t<div class=\"elementor-element elementor-element-453f6017 elementor-widget elementor-widget-text-editor\" data-id=\"453f6017\" data-element_type=\"widget\" data-e-type=\"widget\" data-widget_type=\"text-editor.default\">\n\t\t\t\t<div class=\"elementor-widget-container\">\n\t\t\t\t\t\t\t\t\t<table width=\"322\">\n<tbody>\n<tr>\n<td colspan=\"2\" width=\"242\">\n  <strong>\u0422\u0415\u0425\u041d\u0418\u0427\u0415\u0421\u041a\u0410\u042f \u0418\u041d\u0424\u041e\u0420\u041c\u0410\u0426\u0418\u042f<\/strong>\n<\/td>\n<td width=\"80\">\n  <strong>OLP 2850<\/strong>\n<\/td>\n<\/tr>\n<tr>\n<td rowspan=\"2\">\n  <strong>\u0420\u0410\u0411\u041e\u0427\u0418\u0419 \u0412\u0415\u0421<\/strong>\n<\/td>\n<td>\n  <strong>\u043a\u0433<\/strong>\n<\/td>\n<td>\n  <strong>2.950<\/strong>\n<\/td>\n<\/tr>\n<tr>\n<td>\n  <strong>\u0444\u0443\u043d\u0442<\/strong>\n<\/td>\n<td>\n  <strong>6.490<\/strong>\n<\/td>\n<\/tr>\n<tr>\n<td rowspan=\"2\">\n  <strong>\u0412\u0415\u0421 \u041f\u0415\u0420\u0415\u0412\u041e\u0417\u0427\u0418\u041a\u0410<\/strong>\n<\/td>\n<td>\n  <strong>\u0442\u043e\u043d\u043d\u0430<\/strong>\n<\/td>\n<td>\n  <strong>32~45<\/strong>\n<\/td>\n<\/tr>\n<tr>\n<td>\n  <strong>1000 \u0444\u0443\u043d\u0442\u043e\u0432<\/strong>\n<\/td>\n<td>\n  <strong>70.4~99<\/strong>\n<\/td>\n<\/tr>\n<tr>\n<td rowspan=\"2\">\n  <strong>\u041f\u0423\u041b\u042c\u0421\u041e\u0412\u0410\u042f \u042d\u041d\u0415\u0420\u0413\u0418\u042f<\/strong>\n<\/td>\n<td>\n  <strong>\u0434\u0436\u043e\u0443\u043b\u044c<\/strong>\n<\/td>\n<td>\n  <strong>6.000<\/strong>\n<\/td>\n<\/tr>\n<tr>\n<td>\n  <strong>\u0444\u0443\u0442-\u0444\u0443\u043d\u0442<\/strong>\n<\/td>\n<td>\n  <strong>4.427<\/strong>\n<\/td>\n<\/tr>\n<tr>\n<td>\n  <strong>\u0427\u0410\u0421\u0422\u041e\u0422\u0410 \u0412\u041e\u0417\u0414\u0415\u0419\u0421\u0422\u0412\u0418\u042f<\/strong>\n<\/td>\n<td>\n  <strong>BPM<\/strong>\n<\/td>\n<td>\n  <strong>320~520<\/strong>\n<\/td>\n<\/tr>\n<tr>\n<td rowspan=\"2\"><strong>\u041c\u0418\u041d. &amp; MAX. \u0421\u041d\u0410\u0411\u0416\u0415\u041d\u0418\u0415 \u041d\u0415\u0424\u0422\u042c\u042e<\/strong><\/td>\n<td>\n  <strong>LPM<\/strong>\n<\/td>\n<td>\n  <strong>170~270<\/strong>\n<\/td>\n<\/tr>\n<tr>\n<td>\n  <strong>GPM<\/strong>\n<\/td>\n<td>\n  <strong>44.9~71.3<\/strong>\n<\/td>\n<\/tr>\n<tr>\n<td rowspan=\"2\">\n  <strong>\u0420\u0410\u0411\u041e\u0427\u0415\u0415 \u0414\u0410\u0412\u041b\u0415\u041d\u0418\u0415<\/strong>\n<\/td>\n<td>\n  <strong>\u0431\u0430\u0440<\/strong>\n<\/td>\n<td>\n  <strong>140<\/strong>\n<\/td>\n<\/tr>\n<tr>\n<td>\n  <strong>psi<\/strong>\n<\/td>\n<td>\n  <strong>2.035<\/strong>\n<\/td>\n<\/tr>\n<tr>\n<td rowspan=\"2\">\n  <strong>\u0414\u0410\u0412\u041b\u0415\u041d\u0418\u0415 \u0411\u0415\u0417\u041e\u041f\u0410\u0421\u041d\u041e\u0421\u0422\u0418 (\u0421\u0411\u0420\u041e\u0421\u0410)<\/strong>\n<\/td>\n<td>\n  <strong>\u0431\u0430\u0440<\/strong>\n<\/td>\n<td>\n  <strong>200~210<\/strong>\n<\/td>\n<\/tr>\n<tr>\n<td>\n  <strong>psi<\/strong>\n<\/td>\n<td>\n  <strong>2.900~3.045<\/strong>\n<\/td>\n<\/tr>\n<tr>\n<td rowspan=\"2\">\n  <strong>\u0420\u0415\u0417\u0415\u0420\u0412\u041d\u041e\u0415 \u0414\u0410\u0412\u041b\u0415\u041d\u0418\u0415 (\u043c\u0430\u043a\u0441.)<\/strong>\n<\/td>\n<td>\n  <strong>\u0431\u0430\u0440<\/strong>\n<\/td>\n<td>\n  <strong>10<\/strong>\n<\/td>\n<\/tr>\n<tr>\n<td>\n  <strong>psi<\/strong>\n<\/td>\n<td>\n  <strong>145<\/strong>\n<\/td>\n<\/tr>\n<tr>\n<td rowspan=\"2\">\n  <strong>\u041a\u041e\u041d\u0415\u0427\u041d\u042b\u0419 \u0414\u0418\u0410\u041c\u0415\u0422\u0420<\/strong>\n<\/td>\n<td>\n  <strong>\u043c\u043c\u00d8<\/strong>\n<\/td>\n<td>\n  <strong>160<\/strong>\n<\/td>\n<\/tr>\n<tr>\n<td>\n  <strong>\u0432\u00d8<\/strong>\n<\/td>\n<td>\n  <strong>6,3<\/strong>\n<\/td>\n<\/tr>\n<\/tbody>\n<\/table>\n\t\t\t\t\t\t\t\t<\/div>\n\t\t\t\t<\/div>\n\t\t\t\t\t<\/div>\n\t\t<\/div>\n\t\t\t\t<div class=\"elementor-column elementor-col-16 elementor-top-column elementor-element elementor-element-2ff9fd5\" data-id=\"2ff9fd5\" data-element_type=\"column\" data-e-type=\"column\">\n\t\t\t<div class=\"elementor-widget-wrap\">\n\t\t\t\t\t\t\t<\/div>\n\t\t<\/div>\n\t\t\t\t\t<\/div>\n\t\t<\/section>\n\t\t\t\t<section class=\"elementor-section elementor-top-section elementor-element elementor-element-333228e7 elementor-section-height-min-height elementor-section-stretched elementor-section-boxed elementor-section-height-default elementor-section-items-middle\" data-id=\"333228e7\" data-element_type=\"section\" data-e-type=\"section\" data-settings=\"{&quot;stretch_section&quot;:&quot;section-stretched&quot;}\">\n\t\t\t\t\t\t<div class=\"elementor-container elementor-column-gap-default\">\n\t\t\t\t\t<div class=\"elementor-column elementor-col-100 elementor-top-column elementor-element elementor-element-3e2d5224\" data-id=\"3e2d5224\" data-element_type=\"column\" data-e-type=\"column\">\n\t\t\t<div class=\"elementor-widget-wrap elementor-element-populated\">\n\t\t\t\t\t\t<div class=\"elementor-element elementor-element-280c874d elementor-widget elementor-widget-image\" data-id=\"280c874d\" data-element_type=\"widget\" data-e-type=\"widget\" data-widget_type=\"image.default\">\n\t\t\t\t<div class=\"elementor-widget-container\">\n\t\t\t\t\t\t\t\t\t\t\t\t\t\t\t<img decoding=\"async\" width=\"300\" height=\"65\" src=\"https:\/\/olimpa.com.tr\/wp-content\/uploads\/2023\/06\/Logo_mavi_duz-300x65.png\" class=\"attachment-medium size-medium wp-image-13990\" alt=\"\" srcset=\"https:\/\/olimpa.com.tr\/wp-content\/uploads\/2023\/06\/Logo_mavi_duz-300x65.png 300w, https:\/\/olimpa.com.tr\/wp-content\/uploads\/2023\/06\/Logo_mavi_duz.png 316w\" sizes=\"(max-width: 300px) 100vw, 300px\" \/>\t\t\t\t\t\t\t\t\t\t\t\t\t\t\t<\/div>\n\t\t\t\t<\/div>\n\t\t\t\t<div class=\"elementor-element elementor-element-eabba6d elementor-widget elementor-widget-spacer\" data-id=\"eabba6d\" data-element_type=\"widget\" data-e-type=\"widget\" data-widget_type=\"spacer.default\">\n\t\t\t\t<div class=\"elementor-widget-container\">\n\t\t\t\t\t\t\t<div class=\"elementor-spacer\">\n\t\t\t<div class=\"elementor-spacer-inner\"><\/div>\n\t\t<\/div>\n\t\t\t\t\t\t<\/div>\n\t\t\t\t<\/div>\n\t\t\t\t<div class=\"elementor-element elementor-element-3f111108 elementor-widget elementor-widget-heading\" data-id=\"3f111108\" data-element_type=\"widget\" data-e-type=\"widget\" data-widget_type=\"heading.default\">\n\t\t\t\t<div class=\"elementor-widget-container\">\n\t\t\t\t\t<h1 class=\"elementor-heading-title elementor-size-xxl\">\u0412\u0421\u0415 \u041f\u0420\u041e\u0414\u0423\u041a\u0422\u042b<\/h1>\t\t\t\t<\/div>\n\t\t\t\t<\/div>\n\t\t\t\t<div class=\"elementor-element elementor-element-2c15768f elementor-widget elementor-widget-spacer\" data-id=\"2c15768f\" data-element_type=\"widget\" data-e-type=\"widget\" data-widget_type=\"spacer.default\">\n\t\t\t\t<div class=\"elementor-widget-container\">\n\t\t\t\t\t\t\t<div class=\"elementor-spacer\">\n\t\t\t<div class=\"elementor-spacer-inner\"><\/div>\n\t\t<\/div>\n\t\t\t\t\t\t<\/div>\n\t\t\t\t<\/div>\n\t\t\t\t<div class=\"elementor-element elementor-element-812dafe elementor-widget elementor-widget-industrium_products\" data-id=\"812dafe\" data-element_type=\"widget\" data-e-type=\"widget\" data-widget_type=\"industrium_products.default\">\n\t\t\t\t<div class=\"elementor-widget-container\">\n\t\t\t\t\t        <div class=\"woocommerce\">\n            <div class=\"industrium_shop_loop shop_mode_grid\"><div class=\"woocommerce-notices-wrapper\"><\/div><div class=\"catalog-top-info-wrapper\"><div class=\"product-filters-trigger-wrapper\"><span class=\"product-filters-trigger\">View filters<\/span><\/div><\/div><div class=\"woocommerce columns-6 industrium_shop_loop\"><ul class=\"products columns-6\">\n<li class=\"product type-product post-10948 status-publish first instock product_cat-1000-1500-kg product_cat-700-1200-kg product_cat-backhoe-loader product_cat-ekskavator-tipi product_cat-gazli-tip-kiricilar product_cat-min-max-kg product_cat-mini-ekskavator product_cat-skid-steer-loader has-post-thumbnail shipping-taxable product-type-simple\">\n\t<div class=\"woocommerce-loop-product__wrapper\"><div class=\"attachment-woocommerce_wrapper\"><a href=\"https:\/\/olimpa.com.tr\/urunler\/olp-90-olimpa-gazli-tip-kirici\/\" class=\"attachment-woocommerce_link\"><img fetchpriority=\"high\" decoding=\"async\" width=\"600\" height=\"533\" src=\"https:\/\/olimpa.com.tr\/wp-content\/uploads\/2022\/10\/90-acik-600-600x533.png\" class=\"attachment-woocommerce_thumbnail size-woocommerce_thumbnail\" alt=\"OLP-90 &lt;\/p&gt;Olimpa Gazl\u0131 Tip K\u0131r\u0131c\u0131\" \/><\/a><div class=\"attachment-woocommerce_flash\"><\/div><div class=\"content-woocommerce-wrapper\"><h3 class=\"woocommerce-loop-product-title\"><a href=\"https:\/\/olimpa.com.tr\/urunler\/olp-90-olimpa-gazli-tip-kirici\/\">OLP-90 <\/p>Olimpa Gazl\u0131 Tip K\u0131r\u0131c\u0131<\/a><\/h3>\n\t<span class=\"price\"><span class=\"price_wrapper\"><\/span><\/span>\n<div class=\"product-buttons-wrapper\">\t<span id=\"woocommerce_loop_add_to_cart_link_describedby_10948\" class=\"screen-reader-text\">\n\t\t\t<\/span>\n<\/div><\/div><\/div><\/div><\/li>\n<li class=\"product type-product post-12525 status-publish instock product_cat-yedek-parca has-post-thumbnail shipping-taxable product-type-simple\">\n\t<div class=\"woocommerce-loop-product__wrapper\"><div class=\"attachment-woocommerce_wrapper\"><a href=\"https:\/\/olimpa.com.tr\/urunler\/piston\/\" class=\"attachment-woocommerce_link\"><img decoding=\"async\" width=\"600\" height=\"533\" src=\"https:\/\/olimpa.com.tr\/wp-content\/uploads\/2022\/10\/Piston-1-600x533.jpg\" class=\"attachment-woocommerce_thumbnail size-woocommerce_thumbnail\" alt=\"Piston\" \/><\/a><div class=\"attachment-woocommerce_flash\"><\/div><div class=\"content-woocommerce-wrapper\"><h3 class=\"woocommerce-loop-product-title\"><a href=\"https:\/\/olimpa.com.tr\/urunler\/piston\/\">Piston<\/a><\/h3>\n\t<span class=\"price\"><span class=\"price_wrapper\"><\/span><\/span>\n<div class=\"product-buttons-wrapper\">\t<span id=\"woocommerce_loop_add_to_cart_link_describedby_12525\" class=\"screen-reader-text\">\n\t\t\t<\/span>\n<\/div><\/div><\/div><\/div><\/li>\n<li class=\"product type-product post-11707 status-publish instock product_cat-40000-48000-kg product_cat-buyuk-boy-hidrolik-tip-kiricilar product_cat-hidrolik-tip-kiricilar product_cat-min-max-kg product_cat-paletli-ekskavator-ekskavator-tipi has-post-thumbnail shipping-taxable product-type-simple\">\n\t<div class=\"woocommerce-loop-product__wrapper\"><div class=\"attachment-woocommerce_wrapper\"><a href=\"https:\/\/olimpa.com.tr\/urunler\/olp-3650-olimpa-hidrolik-tip-kirici-buyuk-boy\/\" class=\"attachment-woocommerce_link\"><img loading=\"lazy\" decoding=\"async\" width=\"600\" height=\"533\" src=\"https:\/\/olimpa.com.tr\/wp-content\/uploads\/2022\/10\/3650-600-600x533.png\" class=\"attachment-woocommerce_thumbnail size-woocommerce_thumbnail\" alt=\"OLP-3650&lt;\/p&gt;Olimpa Hidrolik Tip K\u0131r\u0131c\u0131 - B\u00fcy\u00fck Boy\" \/><\/a><div class=\"attachment-woocommerce_flash\"><\/div><div class=\"content-woocommerce-wrapper\"><h3 class=\"woocommerce-loop-product-title\"><a href=\"https:\/\/olimpa.com.tr\/urunler\/olp-3650-olimpa-hidrolik-tip-kirici-buyuk-boy\/\">OLP-3650<\/p>Olimpa Hidrolik Tip K\u0131r\u0131c\u0131 &#8212; B\u00fcy\u00fck Boy<\/a><\/h3>\n\t<span class=\"price\"><span class=\"price_wrapper\"><\/span><\/span>\n<div class=\"product-buttons-wrapper\">\t<span id=\"woocommerce_loop_add_to_cart_link_describedby_11707\" class=\"screen-reader-text\">\n\t\t\t<\/span>\n<\/div><\/div><\/div><\/div><\/li>\n<li class=\"product type-product post-12407 status-publish instock product_cat-yedek-parca has-post-thumbnail shipping-taxable product-type-simple\">\n\t<div class=\"woocommerce-loop-product__wrapper\"><div class=\"attachment-woocommerce_wrapper\"><a href=\"https:\/\/olimpa.com.tr\/urunler\/dayama-burcu\/\" class=\"attachment-woocommerce_link\"><img loading=\"lazy\" decoding=\"async\" width=\"600\" height=\"533\" src=\"https:\/\/olimpa.com.tr\/wp-content\/uploads\/2022\/10\/Dayama-Burcu-600x533.jpg\" class=\"attachment-woocommerce_thumbnail size-woocommerce_thumbnail\" alt=\"Dayama Burcu\" \/><\/a><div class=\"attachment-woocommerce_flash\"><\/div><div class=\"content-woocommerce-wrapper\"><h3 class=\"woocommerce-loop-product-title\"><a href=\"https:\/\/olimpa.com.tr\/urunler\/dayama-burcu\/\">Dayama Burcu<\/a><\/h3>\n\t<span class=\"price\"><span class=\"price_wrapper\"><\/span><\/span>\n<div class=\"product-buttons-wrapper\">\t<span id=\"woocommerce_loop_add_to_cart_link_describedby_12407\" class=\"screen-reader-text\">\n\t\t\t<\/span>\n<\/div><\/div><\/div><\/div><\/li>\n<li class=\"product type-product post-12390 status-publish instock product_cat-yedek-parca has-post-thumbnail shipping-taxable product-type-simple\">\n\t<div class=\"woocommerce-loop-product__wrapper\"><div class=\"attachment-woocommerce_wrapper\"><a href=\"https:\/\/olimpa.com.tr\/urunler\/alt-govde\/\" class=\"attachment-woocommerce_link\"><img loading=\"lazy\" decoding=\"async\" width=\"600\" height=\"533\" src=\"https:\/\/olimpa.com.tr\/wp-content\/uploads\/2022\/10\/Alt-Govde-1-600x533.jpg\" class=\"attachment-woocommerce_thumbnail size-woocommerce_thumbnail\" alt=\"Alt G\u00f6vde\" \/><\/a><div class=\"attachment-woocommerce_flash\"><\/div><div class=\"content-woocommerce-wrapper\"><h3 class=\"woocommerce-loop-product-title\"><a href=\"https:\/\/olimpa.com.tr\/urunler\/alt-govde\/\">Alt G\u00f6vde<\/a><\/h3>\n\t<span class=\"price\"><span class=\"price_wrapper\"><\/span><\/span>\n<div class=\"product-buttons-wrapper\">\t<span id=\"woocommerce_loop_add_to_cart_link_describedby_12390\" class=\"screen-reader-text\">\n\t\t\t<\/span>\n<\/div><\/div><\/div><\/div><\/li>\n<li class=\"product type-product post-11800 status-publish last instock product_cat-1200-1800-kg product_cat-1400-2200-kg product_cat-backhoe-loader product_cat-ekskavator-tipi product_cat-gazli-tip-kiricilar product_cat-min-max-kg product_cat-mini-ekskavator product_cat-skid-steer-loader has-post-thumbnail shipping-taxable product-type-simple\">\n\t<div class=\"woocommerce-loop-product__wrapper\"><div class=\"attachment-woocommerce_wrapper\"><a href=\"https:\/\/olimpa.com.tr\/urunler\/olp-110-olimpa-gazli-tip-kirici\/\" class=\"attachment-woocommerce_link\"><img loading=\"lazy\" decoding=\"async\" width=\"600\" height=\"533\" src=\"https:\/\/olimpa.com.tr\/wp-content\/uploads\/2022\/10\/110-acik-600-600x533.png\" class=\"attachment-woocommerce_thumbnail size-woocommerce_thumbnail\" alt=\"OLP-110&lt;\/p&gt;Olimpa Gazl\u0131 Tip K\u0131r\u0131c\u0131\" \/><\/a><div class=\"attachment-woocommerce_flash\"><\/div><div class=\"content-woocommerce-wrapper\"><h3 class=\"woocommerce-loop-product-title\"><a href=\"https:\/\/olimpa.com.tr\/urunler\/olp-110-olimpa-gazli-tip-kirici\/\">OLP-110<\/p>Olimpa Gazl\u0131 Tip K\u0131r\u0131c\u0131<\/a><\/h3>\n\t<span class=\"price\"><span class=\"price_wrapper\"><\/span><\/span>\n<div class=\"product-buttons-wrapper\">\t<span id=\"woocommerce_loop_add_to_cart_link_describedby_11800\" class=\"screen-reader-text\">\n\t\t\t<\/span>\n<\/div><\/div><\/div><\/div><\/li>\n<\/ul>\n<\/div><\/div>        <\/div>\n        \t\t\t\t<\/div>\n\t\t\t\t<\/div>\n\t\t\t\t<div class=\"elementor-element elementor-element-40182d2e elementor-widget elementor-widget-spacer\" data-id=\"40182d2e\" data-element_type=\"widget\" data-e-type=\"widget\" data-widget_type=\"spacer.default\">\n\t\t\t\t<div class=\"elementor-widget-container\">\n\t\t\t\t\t\t\t<div class=\"elementor-spacer\">\n\t\t\t<div class=\"elementor-spacer-inner\"><\/div>\n\t\t<\/div>\n\t\t\t\t\t\t<\/div>\n\t\t\t\t<\/div>\n\t\t\t\t<div class=\"elementor-element elementor-element-c57ca0f elementor-widget elementor-widget-heading\" data-id=\"c57ca0f\" data-element_type=\"widget\" data-e-type=\"widget\" data-widget_type=\"heading.default\">\n\t\t\t\t<div class=\"elementor-widget-container\">\n\t\t\t\t\t<h4 class=\"elementor-heading-title elementor-size-default\">\u041f\u043e\u043b\u0443\u0447\u0438\u0442\u0435 \u043f\u0440\u0435\u0434\u043b\u043e\u0436\u0435\u043d\u0438\u0435 \u043d\u0430 \u0440\u0430\u0437\u0440\u044b\u0432!<\/h4>\t\t\t\t<\/div>\n\t\t\t\t<\/div>\n\t\t\t\t<div class=\"elementor-element elementor-element-6e4cb930 elementor-widget elementor-widget-spacer\" data-id=\"6e4cb930\" data-element_type=\"widget\" data-e-type=\"widget\" data-widget_type=\"spacer.default\">\n\t\t\t\t<div class=\"elementor-widget-container\">\n\t\t\t\t\t\t\t<div class=\"elementor-spacer\">\n\t\t\t<div class=\"elementor-spacer-inner\"><\/div>\n\t\t<\/div>\n\t\t\t\t\t\t<\/div>\n\t\t\t\t<\/div>\n\t\t\t\t<div class=\"elementor-element elementor-element-3fcd2a26 elementor-widget elementor-widget-text-editor\" data-id=\"3fcd2a26\" data-element_type=\"widget\" data-e-type=\"widget\" data-widget_type=\"text-editor.default\">\n\t\t\t\t<div class=\"elementor-widget-container\">\n\t\t\t\t\t\t\t\t\t<p>\u041f\u043e\u043b\u0443\u0447\u0438\u0442\u044c \u043f\u0440\u0435\u0434\u043b\u043e\u0436\u0435\u043d\u0438\u0435 \u0434\u043b\u044f \u043d\u0430\u0441, \u0447\u0442\u043e\u0431\u044b \u043e\u043f\u0440\u0435\u0434\u0435\u043b\u0438\u0442\u044c \u043c\u043e\u0434\u0435\u043b\u044c \u0434\u0440\u043e\u0431\u0438\u043b\u043a\u0438 \u0432 \u0441\u043e\u043e\u0442\u0432\u0435\u0442\u0441\u0442\u0432\u0438\u0438 \u0441 \u0432\u0430\u0448\u0438\u043c\u0438 \u043f\u043e\u0442\u0440\u0435\u0431\u043d\u043e\u0441\u0442\u044f\u043c\u0438<\/p>\n\t\t\t\t\t\t\t\t<\/div>\n\t\t\t\t<\/div>\n\t\t\t\t<div class=\"elementor-element elementor-element-541e68d4 elementor-widget elementor-widget-spacer\" data-id=\"541e68d4\" data-element_type=\"widget\" data-e-type=\"widget\" data-widget_type=\"spacer.default\">\n\t\t\t\t<div class=\"elementor-widget-container\">\n\t\t\t\t\t\t\t<div class=\"elementor-spacer\">\n\t\t\t<div class=\"elementor-spacer-inner\"><\/div>\n\t\t<\/div>\n\t\t\t\t\t\t<\/div>\n\t\t\t\t<\/div>\n\t\t\t\t<div class=\"elementor-element elementor-element-6fe9948e elementor-align-center elementor-widget elementor-widget-button\" data-id=\"6fe9948e\" data-element_type=\"widget\" data-e-type=\"widget\" data-widget_type=\"button.default\">\n\t\t\t\t<div class=\"elementor-widget-container\">\n\t\t\t\t\t\t\t\t\t<div class=\"elementor-button-wrapper\">\n\t\t\t\t\t<a class=\"elementor-button elementor-button-link elementor-size-sm elementor-animation-grow\" href=\"https:\/\/olimpa.com.tr\/iletisim\/\">\n\t\t\t\t\t\t<span class=\"elementor-button-content-wrapper\">\n\t\t\t\t\t\t\t\t\t<span class=\"elementor-button-text\">\u0421\u0412\u042f\u0416\u0418\u0422\u0415\u0421\u042c \u0421 \u041d\u0410\u041c\u0418!<\/span>\n\t\t\t\t\t<\/span>\n\t\t\t\t\t<\/a>\n\t\t\t\t<\/div>\n\t\t\t\t\t\t\t\t<\/div>\n\t\t\t\t<\/div>\n\t\t\t\t\t<\/div>\n\t\t<\/div>\n\t\t\t\t\t<\/div>\n\t\t<\/section>\n\t\t\t\t<\/div>\n\t\t","protected":false},"excerpt":{"rendered":"<h2>\u0418\u043d\u0444\u043e\u0440\u043c\u0430\u0446\u0438\u044f \u043e \u043f\u0440\u043e\u0434\u0443\u043a\u0442\u0435<\/h2>\n<p><span style=\"color: #333333;\"><br \/>\n<\/span><br \/>\n\u0422\u0438\u043f<strong style=\"color: #000000;\"><span style=\"color: #333333;\">: \u0433\u0438\u0434\u0440\u0430\u0432\u043b\u0438\u0447\u0435\u0441\u043a\u0438\u0439<\/span><strong style=\"color: #000000;\">\u0412\u0430\u0440\u0438\u0430\u043d\u0442\u044b<\/strong><span style=\"color: #333333;\"><strong style=\"color: #000000;\">\u0448\u0430\u0441\u0441\u0438<\/strong>&#8212; \u0417\u0430\u043a\u0440\u044b\u0442\u043e\u0435 \u0448\u0430\u0441\u0441\u0438<strong style=\"color: #000000;\"><\/strong><\/span><\/strong><br \/>\n<strong style=\"color: #000000; font-size: 16px;\"><br \/>\n  <span style=\"font-size: 24px;\">\u041f\u043e\u0434\u0440\u043e\u0431\u043d\u043e\u0441\u0442\u0438<br \/>\n<\/span><br \/>\n<\/strong><strong style=\"color: #000000;\"><br \/>\n\u042d\u043a\u0441\u043f\u043b\u0443\u0430\u0442\u0430\u0446\u0438\u043e\u043d\u043d\u0430\u044f \u043c\u0430\u0441\u0441\u0430<\/strong>&#8212; \u0437\u0430\u043a\u0440\u044b\u0442\u043e\u0435 \u0448\u0430\u0441\u0441\u0438 2.950 \u043a\u0433<strong style=\"color: #000000;\"><\/strong><br \/>\n<span style=\"color: #000000;\"><br \/>\n  <strong>\u0412\u0435\u0441 \u043d\u043e\u0441\u0438\u0442\u0435\u043b\u044f<\/strong><br \/>\n<\/span>: 32~45 \u0442\u043e\u043d\u043d<br \/>\n<strong style=\"color: #000000;\">\u0414\u0438\u0430\u043c\u0435\u0442\u0440 \u0442\u043e\u0440\u0446\u0430 : <\/strong> 160 \u043c\u043c<br \/>\n<strong style=\"color: #000000;\">\u042d\u043d\u0435\u0440\u0433\u0438\u044f \u0443\u0434\u0430\u0440\u0430 <\/strong>: 6.000 \u0434\u0436\u043e\u0443\u043b\u0435\u0439<br \/>\n<strong style=\"color: #000000;\">\u041a\u043e\u043b\u0438\u0447\u0435\u0441\u0442\u0432\u043e \u0438\u043c\u043f\u0443\u043b\u044c\u0441\u043e\u0432 : <\/strong> 320~520 \u0438\u043c\u043f\u0443\u043b\u044c\u0441\u043e\u0432 \u0432 \u043c\u0438\u043d\u0443\u0442\u0443<\/p>\n","protected":false},"featured_media":15059,"template":"","meta":[],"product_brand":[],"product_cat":[1461,1387,1390,1393,1347],"product_tag":[],"class_list":{"0":"post-13445","1":"product","2":"type-product","3":"status-publish","4":"has-post-thumbnail","6":"product_cat-32000-45000-","7":"product_cat-1387","8":"product_cat-1390","9":"product_cat-1393","10":"product_cat-1347","12":"first","13":"instock","14":"shipping-taxable","15":"product-type-simple"},"_links":{"self":[{"href":"https:\/\/olimpa.com.tr\/ru\/wp-json\/wp\/v2\/product\/13445","targetHints":{"allow":["GET"]}}],"collection":[{"href":"https:\/\/olimpa.com.tr\/ru\/wp-json\/wp\/v2\/product"}],"about":[{"href":"https:\/\/olimpa.com.tr\/ru\/wp-json\/wp\/v2\/types\/product"}],"version-history":[{"count":0,"href":"https:\/\/olimpa.com.tr\/ru\/wp-json\/wp\/v2\/product\/13445\/revisions"}],"wp:featuredmedia":[{"embeddable":true,"href":"https:\/\/olimpa.com.tr\/ru\/wp-json\/wp\/v2\/media\/15059"}],"wp:attachment":[{"href":"https:\/\/olimpa.com.tr\/ru\/wp-json\/wp\/v2\/media?parent=13445"}],"wp:term":[{"taxonomy":"product_brand","embeddable":true,"href":"https:\/\/olimpa.com.tr\/ru\/wp-json\/wp\/v2\/product_brand?post=13445"},{"taxonomy":"product_cat","embeddable":true,"href":"https:\/\/olimpa.com.tr\/ru\/wp-json\/wp\/v2\/product_cat?post=13445"},{"taxonomy":"product_tag","embeddable":true,"href":"https:\/\/olimpa.com.tr\/ru\/wp-json\/wp\/v2\/product_tag?post=13445"}],"curies":[{"name":"wp","href":"https:\/\/api.w.org\/{rel}","templated":true}]}}